{"id":23,"date":"2026-03-13T07:50:27","date_gmt":"2026-03-13T07:50:27","guid":{"rendered":"https:\/\/friendly-chatterjee.194-56-190-43.plesk.page\/index.php\/shop\/"},"modified":"2026-04-16T21:57:04","modified_gmt":"2026-04-16T21:57:04","slug":"shop","status":"publish","type":"page","link":"https:\/\/friendly-chatterjee.194-56-190-43.plesk.page\/index.php\/shop\/","title":{"rendered":"Shop"},"content":{"rendered":"\t\t<div data-elementor-type=\"wp-page\" data-elementor-id=\"23\" class=\"elementor elementor-23\">\n\t\t\t\t<div class=\"elementor-element elementor-element-7db0993 e-flex e-con-boxed e-con e-parent\" data-id=\"7db0993\" data-element_type=\"container\" data-e-type=\"container\">\n\t\t\t\t\t<div class=\"e-con-inner\">\n\t\t\t\t<div class=\"elementor-element elementor-element-d26cd81 elementor-widget-divider--view-line elementor-widget elementor-widget-divider\" data-id=\"d26cd81\" data-element_type=\"widget\" data-e-type=\"widget\" data-widget_type=\"divider.default\">\n\t\t\t\t\t\t\t<div class=\"elementor-divider\">\n\t\t\t<span class=\"elementor-divider-separator\">\n\t\t\t\t\t\t<\/span>\n\t\t<\/div>\n\t\t\t\t\t\t<\/div>\n\t\t\t\t<div class=\"elementor-element elementor-element-09cad0f elementor-widget elementor-widget-heading\" data-id=\"09cad0f\" data-element_type=\"widget\" data-e-type=\"widget\" data-widget_type=\"heading.default\">\n\t\t\t\t\t<h2 class=\"elementor-heading-title elementor-size-default\">\u00dcber Novra<\/h2>\t\t\t\t<\/div>\n\t\t\t\t\t<\/div>\n\t\t\t\t<\/div>\n\t\t<div class=\"elementor-element elementor-element-60da832 e-flex e-con-boxed e-con e-parent\" data-id=\"60da832\" data-element_type=\"container\" data-e-type=\"container\">\n\t\t\t\t\t<div class=\"e-con-inner\">\n\t\t\t\t<div class=\"elementor-element elementor-element-6a85625 elementor-widget elementor-widget-text-editor\" data-id=\"6a85625\" data-element_type=\"widget\" data-e-type=\"widget\" data-widget_type=\"text-editor.default\">\n\t\t\t\t\t\t\t\t\t<p>NOVRA ist mehr als nur ein Streetwear-Store \u2013 es ist ein Ausdruck von Urban Culture, Individualit\u00e4t<br \/>und Selbstbewusstsein. Inspiriert vom Puls der Stadt und den vielf\u00e4ltigen Einfl\u00fcssen der Stra\u00dfen, <br \/>bringen wir Mode auf ein neues Level.<\/p>\n<p>Unsere Kollektionen stehen f\u00fcr klare Designs, starke Farben und authentischen Style. Jedes Piece ist <br \/>darauf ausgelegt, deinen Look zu unterstreichen und dir die Freiheit zu geben, dich so zu zeigen, wie du bist. <br \/>Denn wir glauben: Style ist nicht nur das, was du tr\u00e4gst \u2013 es ist das, was du ausstrahlst.<\/p>\n<p>Mit unserer markanten Farbwelt und einem Fokus auf Qualit\u00e4t und Komfort schaffen wir Kleidung, die nicht <br \/>nur gut aussieht, sondern sich auch gut anf\u00fchlt \u2013 im Alltag, auf der Stra\u00dfe und \u00fcberall dazwischen.<\/p>\n<p>NOVRA \u2013 Colour Your City<br \/>Sei Teil einer Generation, die ihre Umgebung pr\u00e4gt, statt sich anzupassen. Bring deine Farben<br \/>in die Stadt und mach sie zu deinem eigenen Raum.<\/p>\t\t\t\t\t\t\t\t<\/div>\n\t\t\t\t<div class=\"elementor-element elementor-element-d2e8343 elementor-widget-divider--view-line elementor-widget elementor-widget-divider\" data-id=\"d2e8343\" data-element_type=\"widget\" data-e-type=\"widget\" data-widget_type=\"divider.default\">\n\t\t\t\t\t\t\t<div class=\"elementor-divider\">\n\t\t\t<span class=\"elementor-divider-separator\">\n\t\t\t\t\t\t<\/span>\n\t\t<\/div>\n\t\t\t\t\t\t<\/div>\n\t\t\t\t\t<\/div>\n\t\t\t\t<\/div>\n\t\t\t\t<\/div>\n\t\t","protected":false},"excerpt":{"rendered":"","protected":false},"author":1,"featured_media":0,"parent":0,"menu_order":0,"comment_status":"closed","ping_status":"closed","template":"","meta":{"footnotes":""},"class_list":["post-23","page","type-page","status-publish","hentry"],"_links":{"self":[{"href":"https:\/\/friendly-chatterjee.194-56-190-43.plesk.page\/index.php\/wp-json\/wp\/v2\/pages\/23","targetHints":{"allow":["GET"]}}],"collection":[{"href":"https:\/\/friendly-chatterjee.194-56-190-43.plesk.page\/index.php\/wp-json\/wp\/v2\/pages"}],"about":[{"href":"https:\/\/friendly-chatterjee.194-56-190-43.plesk.page\/index.php\/wp-json\/wp\/v2\/types\/page"}],"author":[{"embeddable":true,"href":"https:\/\/friendly-chatterjee.194-56-190-43.plesk.page\/index.php\/wp-json\/wp\/v2\/users\/1"}],"replies":[{"embeddable":true,"href":"https:\/\/friendly-chatterjee.194-56-190-43.plesk.page\/index.php\/wp-json\/wp\/v2\/comments?post=23"}],"version-history":[{"count":8,"href":"https:\/\/friendly-chatterjee.194-56-190-43.plesk.page\/index.php\/wp-json\/wp\/v2\/pages\/23\/revisions"}],"predecessor-version":[{"id":179,"href":"https:\/\/friendly-chatterjee.194-56-190-43.plesk.page\/index.php\/wp-json\/wp\/v2\/pages\/23\/revisions\/179"}],"wp:attachment":[{"href":"https:\/\/friendly-chatterjee.194-56-190-43.plesk.page\/index.php\/wp-json\/wp\/v2\/media?parent=23"}],"curies":[{"name":"wp","href":"https:\/\/api.w.org\/{rel}","templated":true}]}}