{"id":169,"date":"2026-04-24T07:06:09","date_gmt":"2026-04-24T07:06:09","guid":{"rendered":"https:\/\/friendly-chatterjee.194-56-190-43.plesk.page\/?page_id=169"},"modified":"2026-04-24T07:06:09","modified_gmt":"2026-04-24T07:06:09","slug":"impressum","status":"publish","type":"page","link":"https:\/\/friendly-chatterjee.194-56-190-43.plesk.page\/index.php\/impressum\/","title":{"rendered":"Impressum"},"content":{"rendered":"\n<p>Angaben gem\u00e4\u00df \u00a7 5 TMG<\/p>\n\n\n\n<p>Emilia Fl\u00f6rr\u00e9<br>Marlies Kasses<br>Urban Style Gasse 7<br>3830 Waidhofen an der Thaya<br>\u00d6sterreich<\/p>\n\n\n\n<p><strong>Kontakt<\/strong><br>E-Mail: info@novra.at<\/p>\n\n\n\n<p><strong>Verantwortlich f\u00fcr den Inhalt nach \u00a7 18 MStV<\/strong><br>Emilia Fl\u00f6rr\u00e9<br>[Adresse wie oben]<\/p>\n\n\n\n<p><strong>Hinweis<\/strong><br>Diese Website wurde im Rahmen eines Schulprojekts erstellt. Es findet kein kommerzieller Verkauf von Produkten statt.<\/p>\n\n\n\n<p><strong>Haftung f\u00fcr Inhalte<\/strong><br>Die Inhalte unserer Seiten wurden mit gr\u00f6\u00dfter Sorgfalt erstellt. F\u00fcr die Richtigkeit, Vollst\u00e4ndigkeit und Aktualit\u00e4t der Inhalte k\u00f6nnen wir jedoch keine Gew\u00e4hr \u00fcbernehmen.<\/p>\n\n\n\n<p><strong>Haftung f\u00fcr Links<\/strong><br>Unsere Website enth\u00e4lt Links zu externen Websites Dritter, auf deren Inhalte wir keinen Einfluss haben. Deshalb k\u00f6nnen wir f\u00fcr diese fremden Inhalte auch keine Gew\u00e4hr \u00fcbernehmen.<\/p>\n\n\n\n<p><strong>Urheberrecht<\/strong><br>Die durch die Seitenbetreiber erstellten Inhalte und Werke auf diesen Seiten unterliegen dem deutschen Urheberrecht.<\/p>\n","protected":false},"excerpt":{"rendered":"<p>Angaben gem\u00e4\u00df \u00a7 5 TMG Emilia Fl\u00f6rr\u00e9Marlies KassesUrban Style Gasse 73830 Waidhofen an der Thaya\u00d6sterreich KontaktE-Mail: info@novra.at Verantwortlich f\u00fcr den Inhalt nach \u00a7 18 MStVEmilia Fl\u00f6rr\u00e9[Adresse wie oben] HinweisDiese Website wurde im Rahmen eines Schulprojekts erstellt. Es findet kein kommerzieller Verkauf von Produkten statt. Haftung f\u00fcr InhalteDie Inhalte unserer Seiten wurden mit gr\u00f6\u00dfter Sorgfalt erstellt.<\/p>\n<div class=\"more-link\">\n\t\t\t\t <a href=\"https:\/\/friendly-chatterjee.194-56-190-43.plesk.page\/index.php\/impressum\/\" class=\"btn theme-btn\"><span>Weiterlesen <\/span><i class=\"icofont-thin-double-right\"><\/i><\/a>\n\t\t\t<\/div>\n","protected":false},"author":2,"featured_media":0,"parent":0,"menu_order":0,"comment_status":"closed","ping_status":"closed","template":"","meta":{"footnotes":""},"class_list":["post-169","page","type-page","status-publish","hentry"],"_links":{"self":[{"href":"https:\/\/friendly-chatterjee.194-56-190-43.plesk.page\/index.php\/wp-json\/wp\/v2\/pages\/169","targetHints":{"allow":["GET"]}}],"collection":[{"href":"https:\/\/friendly-chatterjee.194-56-190-43.plesk.page\/index.php\/wp-json\/wp\/v2\/pages"}],"about":[{"href":"https:\/\/friendly-chatterjee.194-56-190-43.plesk.page\/index.php\/wp-json\/wp\/v2\/types\/page"}],"author":[{"embeddable":true,"href":"https:\/\/friendly-chatterjee.194-56-190-43.plesk.page\/index.php\/wp-json\/wp\/v2\/users\/2"}],"replies":[{"embeddable":true,"href":"https:\/\/friendly-chatterjee.194-56-190-43.plesk.page\/index.php\/wp-json\/wp\/v2\/comments?post=169"}],"version-history":[{"count":1,"href":"https:\/\/friendly-chatterjee.194-56-190-43.plesk.page\/index.php\/wp-json\/wp\/v2\/pages\/169\/revisions"}],"predecessor-version":[{"id":171,"href":"https:\/\/friendly-chatterjee.194-56-190-43.plesk.page\/index.php\/wp-json\/wp\/v2\/pages\/169\/revisions\/171"}],"wp:attachment":[{"href":"https:\/\/friendly-chatterjee.194-56-190-43.plesk.page\/index.php\/wp-json\/wp\/v2\/media?parent=169"}],"curies":[{"name":"wp","href":"https:\/\/api.w.org\/{rel}","templated":true}]}}